{"id":3,"date":"2023-01-25T12:32:10","date_gmt":"2023-01-25T12:32:10","guid":{"rendered":"http:\/\/herlusafruta.com\/?page_id=3"},"modified":"2023-04-25T12:28:17","modified_gmt":"2023-04-25T12:28:17","slug":"avisolegal","status":"publish","type":"page","link":"https:\/\/herlusafruta.com\/index.php\/avisolegal\/","title":{"rendered":"AVISO LEGAL"},"content":{"rendered":"\n<p>Bienvenido a este espacio. Como usuario, es importante que conozcas estos t\u00e9rminos antes de continuar navegando.&nbsp;<\/p>\n\n\n\n<p>Herlusafruta, S.L. como responsable de esta p\u00e1gina web, se compromete a procesar la informaci\u00f3n de nuestros usuarios y clientes con plenas garant\u00edas y cumplir con los requisitos nacionales y europeos que regulan la recopilaci\u00f3n y uso de datos personales de nuestros usuarios.<\/p>\n\n\n\n<p>Esta p\u00e1gina Web, por lo tanto, cumple de forma rigurosa con la Ley Org\u00e1nica de Protecci\u00f3n de Datos de Car\u00e1cter Personal (en adelante LOPD) y dem\u00e1s normativa aplicable, con el Reglamento (UE) 2016\/279 del Parlamento Europeo y del Consejo de 27 de abril de 2016 relativo a la protecci\u00f3n de las personas f\u00edsicas (en adelante RGPD) y con la Ley 34\/2002, de 11 de julio, de Servicios de la Sociedad de la Informaci\u00f3n y Comercio Electr\u00f3nico (en adelante LSSICE).&nbsp;<\/p>\n\n\n\n<p><strong>DATOS DEL RESPONSABLE<\/strong><\/p>\n\n\n\n<ul class=\"wp-block-list\">\n<li><strong>Identidad del Responsable:<\/strong>&nbsp;Herlusafruta, S.L.<\/li>\n\n\n\n<li><strong>Nombre comercial:<\/strong>&nbsp;Herlusafruta S.L.<\/li>\n\n\n\n<li><strong>NIF\/CIF: <\/strong>B35221928<\/li>\n\n\n\n<li><strong>Datos Registro Mercantil:&nbsp;<\/strong><\/li>\n\n\n\n<li><strong>Direcci\u00f3n:<\/strong>&nbsp;C\/ Betania, N\u00ba 12, 35018 \u2013 Tamaraceite, Las Palmas de Gran Canaria.<\/li>\n\n\n\n<li><strong>Correo electr\u00f3nico:<\/strong>&nbsp;<a href=\"about:blank\">info@herlusafruta.com\/<\/a> herlusafruta@gmail.com<\/li>\n\n\n\n<li><strong>Actividad:<\/strong>&nbsp;Comercio al por mayor de Frutas y Verduras<\/li>\n<\/ul>\n\n\n\n<p><strong>CONDICIONES GENERALES DE USO<\/strong><\/p>\n\n\n\n<p>Las presentes Condiciones Generales regulan el uso (incluyendo el acceso) de las p\u00e1ginas web integrantes del sitio web de Herlusafruta, S.L. incluidos los contenidos y servicios puestos a disposici\u00f3n en ellas. Toda persona que acceda a la web&nbsp;herlusafruta.com.&nbsp;(\u201cusuario\u201d) acepta someterse a las Condiciones Generales vigentes en cada momento. Por usuario se entiende a la persona que acceda, navegue, utilice o participe en los servicios y actividades desarrolladas en el sitio web.&nbsp;<\/p>\n\n\n\n<p><strong>DATOS PERSONALES QUE RECOPILAMOS Y C\u00d3MO LO HACEMOS<\/strong><br>Los t\u00e9rminos relativos a la privacidad y protecci\u00f3n de datos, est\u00e1n estipulados en nuestra Pol\u00edtica de privacidad.&nbsp;<\/p>\n\n\n\n<p><strong>OBLIGACIONES Y COMPROMISOS DE LOS USUARIOS<\/strong><\/p>\n\n\n\n<p>El usuario queda informado, y acepta que, el acceso a la presente web, no supone en modo alguno, el inicio de una relaci\u00f3n comercial con Herlusafruta, S.L. De esta forma, el usuario se compromete a utilizar la Web, sus servicios y contenidos sin contravenir la legislaci\u00f3n vigente, la buena fe, los usos generalmente aceptados y el orden p\u00fablico. As\u00ed mismo, queda prohibido, el uso de la Web con fines il\u00edcitos o lesivos contra Herlusafruta, S.L. o cualquier tercero o que, de cualquier forma, puedan causar perjuicio o impedir el normal funcionamiento de la Web.<\/p>\n\n\n\n<p>Respecto de los contenidos (informaciones, textos, gr\u00e1ficos, archivos de sonido y\/o imagen, fotograf\u00edas, dise\u00f1os, etc.), se proh\u00edbe:<\/p>\n\n\n\n<ul class=\"wp-block-list\">\n<li>Su reproducci\u00f3n, distribuci\u00f3n o modificaci\u00f3n, a menos que se cuente con la autorizaci\u00f3n de sus leg\u00edtimos titulares o resulte legalmente permitido.<\/li>\n\n\n\n<li>Cualquier vulneraci\u00f3n de los derechos de la empresa o de sus leg\u00edtimos titulares sobre los mismos.<\/li>\n\n\n\n<li>Su utilizaci\u00f3n para todo tipo de fines comerciales o publicitarios, distintos de los estrictamente permitidos.<\/li>\n\n\n\n<li>Cualquier intento de obtener los contenidos de la Web por cualquier medio distinto de los que se pongan a disposici\u00f3n de los usuarios, as\u00ed como de los que habitualmente se empleen en la red, siempre que no causen perjuicio alguno a la Web de Herlusafruta, S.L.<\/li>\n<\/ul>\n\n\n\n<p>En la utilizaci\u00f3n de la web&nbsp;<a href=\"https:\/\/www.omnirooms.com\/es\/inicio.html\">herlusafruta.com<\/a>&nbsp;el usuario se compromete a no llevar a cabo ninguna conducta que pudiera da\u00f1ar la imagen, los intereses y los derechos de Herlusafruta, S.L., o de terceros o que pudiera da\u00f1ar, inutilizar o sobrecargar el portal<a href=\"https:\/\/www.omnirooms.com\/es\/inicio.html\">&nbsp;herlusafruta.com<\/a>, o que impidiera, de cualquier forma, la normal utilizaci\u00f3n de la web.<\/p>\n\n\n\n<p><br>No obstante, el usuario debe ser consciente de que las medidas de seguridad de los sistemas inform\u00e1ticos en Internet no son enteramente fiables y que, por tanto, Herlusafruta, S.L., no puede garantizar la inexistencia de malware u otros elementos que puedan producir alteraciones en los sistemas inform\u00e1ticos (software y hardware) del usuario o en sus documentos electr\u00f3nicos y ficheros contenidos en los mismos, aunque ponga todos los medios necesarios y las medidas de seguridad oportunas para evitar la presencia de estos elementos da\u00f1inos.&nbsp;<\/p>\n\n\n\n<p><strong>MEDIDAS DE SEGURIDAD<\/strong><\/p>\n\n\n\n<p><br>Los datos personales comunicados por el usuario a Herlusafruta, S.L., pueden ser almacenados ficheros, cuya titularidad corresponde en exclusiva a&nbsp; Herlusafruta, S.L., asumiendo \u00e9sta todas las medidas de \u00edndole t\u00e9cnica, organizativa y de seguridad que garantizan la confidencialidad, integridad y calidad de la informaci\u00f3n contenida en las mismas de acuerdo con lo establecido en la normativa vigente en protecci\u00f3n de datos.<br>Herlusafruta, S.L. utiliza un canal seguro y los datos transmitidos son cifrados gracias a protocolos a https, por tanto, garantizamos las mejores condiciones de seguridad para que la confidencialidad de los usuarios est\u00e9 garantizada.&nbsp;<\/p>\n\n\n\n<h2 class=\"wp-block-heading\"><\/h2>\n","protected":false},"excerpt":{"rendered":"<p>Bienvenido a este espacio. Como usuario, es importante que conozcas estos t\u00e9rminos antes de continuar navegando.&nbsp; Herlusafruta, S.L. como responsable de esta p\u00e1gina web, se compromete a procesar la informaci\u00f3n de nuestros usuarios y clientes con plenas garant\u00edas y cumplir con los requisitos nacionales y europeos que regulan la recopilaci\u00f3n y uso de datos personales&#8230;<\/p>\n","protected":false},"author":1,"featured_media":0,"parent":0,"menu_order":0,"comment_status":"closed","ping_status":"open","template":"","meta":{"_joinchat":[],"footnotes":""},"class_list":{"0":"post-3","1":"page","2":"type-page","3":"status-publish","4":"hentry","5":"nt-post-class","6":"","7":"masonry-item","8":"col-lg-6","10":"thumb-none","12":"excerpt-none"},"acf":[],"_links":{"self":[{"href":"https:\/\/herlusafruta.com\/index.php\/wp-json\/wp\/v2\/pages\/3","targetHints":{"allow":["GET"]}}],"collection":[{"href":"https:\/\/herlusafruta.com\/index.php\/wp-json\/wp\/v2\/pages"}],"about":[{"href":"https:\/\/herlusafruta.com\/index.php\/wp-json\/wp\/v2\/types\/page"}],"author":[{"embeddable":true,"href":"https:\/\/herlusafruta.com\/index.php\/wp-json\/wp\/v2\/users\/1"}],"replies":[{"embeddable":true,"href":"https:\/\/herlusafruta.com\/index.php\/wp-json\/wp\/v2\/comments?post=3"}],"version-history":[{"count":1,"href":"https:\/\/herlusafruta.com\/index.php\/wp-json\/wp\/v2\/pages\/3\/revisions"}],"predecessor-version":[{"id":4907,"href":"https:\/\/herlusafruta.com\/index.php\/wp-json\/wp\/v2\/pages\/3\/revisions\/4907"}],"wp:attachment":[{"href":"https:\/\/herlusafruta.com\/index.php\/wp-json\/wp\/v2\/media?parent=3"}],"curies":[{"name":"wp","href":"https:\/\/api.w.org\/{rel}","templated":true}]}}